{"id":406,"date":"2017-03-15T15:48:30","date_gmt":"2017-03-15T15:48:30","guid":{"rendered":"http:\/\/hipertensionpulmonar.es\/coachinganhp\/?page_id=406"},"modified":"2021-09-01T05:17:10","modified_gmt":"2021-09-01T05:17:10","slug":"conviertete-en-hipercoach","status":"publish","type":"page","link":"https:\/\/hipertensionpulmonar.es\/coachinganhp\/","title":{"rendered":"Convi\u00e9rtete en Hipercoach"},"content":{"rendered":"<h2><strong>Por cada respiraci\u00f3n\u00a0<a href=\"http:\/\/www.hipertensionpulmonar.es\/\"><img loading=\"lazy\" decoding=\"async\" class=\"alignleft\" src=\"https:\/\/hipertensionpulmonar.es\/coachinganhp\/wp-content\/uploads\/2017\/03\/cropped-logo_reducido.png\" width=\"84\" height=\"82\" \/><\/a><br \/>\npon un coach en tu coraz\u00f3n\u00a0<\/strong><\/h2>\n<h6><span style=\"color: #ff0000;\"><a style=\"color: #ff0000;\" href=\"https:\/\/www.facebook.com\/CendreroNieto\/videos\/1907442082801801\/\">Alberto cendrero nieto colabora \u00a0con la campa\u00f1a de hipercoach<\/a><\/span><span style=\"color: #ff0000;\">\u00a0<\/span><\/h6>\n<p class=\"jetpack-slideshow-noscript robots-nocontent\">El pase de diapositivas requiere JavaScript.<\/p><div id=\"gallery-406-1-slideshow\" class=\"jetpack-slideshow-window jetpack-slideshow jetpack-slideshow-black\" data-trans=\"fade\" data-autostart=\"1\" data-gallery=\"[{&quot;src&quot;:&quot;https:\\\/\\\/hipertensionpulmonar.es\\\/coachinganhp\\\/wp-content\\\/uploads\\\/2017\\\/07\\\/Javier-Cendrero-Nieto-3-1024x644.jpg&quot;,&quot;id&quot;:&quot;561&quot;,&quot;title&quot;:&quot;Javier Cendrero Nieto 3&quot;,&quot;alt&quot;:&quot;&quot;,&quot;caption&quot;:&quot;&quot;,&quot;itemprop&quot;:&quot;image&quot;},{&quot;src&quot;:&quot;https:\\\/\\\/hipertensionpulmonar.es\\\/coachinganhp\\\/wp-content\\\/uploads\\\/2017\\\/03\\\/Virginia-Mundi-Mart\\u00edn-768x1024.jpg&quot;,&quot;id&quot;:&quot;554&quot;,&quot;title&quot;:&quot;Virginia Mundi Mart\\u00edn&quot;,&quot;alt&quot;:&quot;&quot;,&quot;caption&quot;:&quot;&quot;,&quot;itemprop&quot;:&quot;image&quot;},{&quot;src&quot;:&quot;https:\\\/\\\/hipertensionpulmonar.es\\\/coachinganhp\\\/wp-content\\\/uploads\\\/2017\\\/03\\\/HC-04-1024x768.jpg&quot;,&quot;id&quot;:&quot;217&quot;,&quot;title&quot;:&quot;HC 04&quot;,&quot;alt&quot;:&quot;&quot;,&quot;caption&quot;:&quot;&quot;,&quot;itemprop&quot;:&quot;image&quot;},{&quot;src&quot;:&quot;https:\\\/\\\/hipertensionpulmonar.es\\\/coachinganhp\\\/wp-content\\\/uploads\\\/2017\\\/03\\\/HC-03-1024x576.jpg&quot;,&quot;id&quot;:&quot;216&quot;,&quot;title&quot;:&quot;HC 03&quot;,&quot;alt&quot;:&quot;&quot;,&quot;caption&quot;:&quot;&quot;,&quot;itemprop&quot;:&quot;image&quot;},{&quot;src&quot;:&quot;https:\\\/\\\/hipertensionpulmonar.es\\\/coachinganhp\\\/wp-content\\\/uploads\\\/2017\\\/03\\\/HC-02-1024x576.jpg&quot;,&quot;id&quot;:&quot;215&quot;,&quot;title&quot;:&quot;HC 02&quot;,&quot;alt&quot;:&quot;&quot;,&quot;caption&quot;:&quot;&quot;,&quot;itemprop&quot;:&quot;image&quot;},{&quot;src&quot;:&quot;https:\\\/\\\/hipertensionpulmonar.es\\\/coachinganhp\\\/wp-content\\\/uploads\\\/2016\\\/12\\\/IMG-20170119-WA0013-576x1024.jpg&quot;,&quot;id&quot;:&quot;129&quot;,&quot;title&quot;:&quot;IMG-20170119-WA0013&quot;,&quot;alt&quot;:&quot;&quot;,&quot;caption&quot;:&quot;Convi\\u00e9rtete en HiperCoach&quot;,&quot;itemprop&quot;:&quot;image&quot;},{&quot;src&quot;:&quot;https:\\\/\\\/hipertensionpulmonar.es\\\/coachinganhp\\\/wp-content\\\/uploads\\\/2016\\\/12\\\/Alberto.jpg&quot;,&quot;id&quot;:&quot;101&quot;,&quot;title&quot;:&quot;Alberto&quot;,&quot;alt&quot;:&quot;&quot;,&quot;caption&quot;:&quot;&quot;,&quot;itemprop&quot;:&quot;image&quot;},{&quot;src&quot;:&quot;https:\\\/\\\/hipertensionpulmonar.es\\\/coachinganhp\\\/wp-content\\\/uploads\\\/2021\\\/08\\\/WhatsApp-Image-2021-08-21-at-10.56.55-1024x1024.jpeg&quot;,&quot;id&quot;:&quot;860&quot;,&quot;title&quot;:&quot;WhatsApp Image 2021-08-21 at 10.56.55&quot;,&quot;alt&quot;:&quot;&quot;,&quot;caption&quot;:&quot;&quot;,&quot;itemprop&quot;:&quot;image&quot;},{&quot;src&quot;:&quot;https:\\\/\\\/hipertensionpulmonar.es\\\/coachinganhp\\\/wp-content\\\/uploads\\\/2021\\\/08\\\/WhatsApp-Image-2021-08-21-at-10.57.31-1024x1024.jpeg&quot;,&quot;id&quot;:&quot;862&quot;,&quot;title&quot;:&quot;WhatsApp Image 2021-08-21 at 10.57.31&quot;,&quot;alt&quot;:&quot;&quot;,&quot;caption&quot;:&quot;&quot;,&quot;itemprop&quot;:&quot;image&quot;},{&quot;src&quot;:&quot;https:\\\/\\\/hipertensionpulmonar.es\\\/coachinganhp\\\/wp-content\\\/uploads\\\/2021\\\/08\\\/WhatsApp-Image-2021-08-31-at-18.31.53-1024x1024.jpeg&quot;,&quot;id&quot;:&quot;864&quot;,&quot;title&quot;:&quot;WhatsApp Image 2021-08-31 at 18.31.53&quot;,&quot;alt&quot;:&quot;&quot;,&quot;caption&quot;:&quot;&quot;,&quot;itemprop&quot;:&quot;image&quot;},{&quot;src&quot;:&quot;https:\\\/\\\/hipertensionpulmonar.es\\\/coachinganhp\\\/wp-content\\\/uploads\\\/2021\\\/08\\\/WhatsApp-Image-2021-08-31-at-18.31.52-1024x1024.jpeg&quot;,&quot;id&quot;:&quot;865&quot;,&quot;title&quot;:&quot;WhatsApp Image 2021-08-31 at 18.31.52&quot;,&quot;alt&quot;:&quot;&quot;,&quot;caption&quot;:&quot;&quot;,&quot;itemprop&quot;:&quot;image&quot;},{&quot;src&quot;:&quot;https:\\\/\\\/hipertensionpulmonar.es\\\/coachinganhp\\\/wp-content\\\/uploads\\\/2021\\\/09\\\/WhatsApp-Image-2021-08-31-at-10.44.48.jpeg&quot;,&quot;id&quot;:&quot;868&quot;,&quot;title&quot;:&quot;WhatsApp Image 2021-08-31 at 10.44.48&quot;,&quot;alt&quot;:&quot;&quot;,&quot;caption&quot;:&quot;&quot;,&quot;itemprop&quot;:&quot;image&quot;}]\" itemscope itemtype=\"https:\/\/schema.org\/ImageGallery\"><\/div>\n<h6 id=\"su_carousel_58c811a79ce5f\" class=\"su-carousel su-carousel-centered su-carousel-pages-no su-carousel-responsive-yes\" data-autoplay=\"3000\" data-speed=\"600\" data-mousewheel=\"true\" data-items=\"3\" data-scroll=\"1\"><\/h6>\n<div class=\"su-carousel su-carousel-centered su-carousel-pages-no su-carousel-responsive-yes\" data-autoplay=\"3000\" data-speed=\"600\" data-mousewheel=\"true\" data-items=\"3\" data-scroll=\"1\"><\/div>\n<div class=\"su-carousel su-carousel-centered su-carousel-pages-no su-carousel-responsive-yes\" data-autoplay=\"3000\" data-speed=\"600\" data-mousewheel=\"true\" data-items=\"3\" data-scroll=\"1\">\u00a0Es muy sencillo, en solo tres pasos:\u00bfQuieres convertirte en Hipercoach y colaborar con las personas que padecen Hipertensi\u00f3n Pulmonar? \u00a1No lo dudes, pide tu cinta deportiva ya!<\/div>\n<div class=\"su-carousel su-carousel-centered su-carousel-pages-no su-carousel-responsive-yes\" data-autoplay=\"3000\" data-speed=\"600\" data-mousewheel=\"true\" data-items=\"3\" data-scroll=\"1\">Consigue tu cinta de Hipercoach\u00a0<a href=\"https:\/\/hipertensionpulmonar.es\/coachinganhp\/donaciones-via-paypal\/\">Via PAYPAL<\/a>\u00a0o por\u00a0<a href=\"https:\/\/hipertensionpulmonar.es\/coachinganhp\/consigue-tu-cinta-de-hipercoach-mediante-transferencia-bancaria\/\">Transferencia bancaria<\/a><\/div>\n<div class=\"su-carousel su-carousel-centered su-carousel-pages-no su-carousel-responsive-yes\" data-autoplay=\"3000\" data-speed=\"600\" data-mousewheel=\"true\" data-items=\"3\" data-scroll=\"1\"><\/div>\n<p><span style=\"color: #ff0000;\"><strong>PASO 1<\/strong><\/span>.- Haz un donativo de 8\u20ac a la Asociaci\u00f3n Nacional de Hipertensi\u00f3n Pulmonar, y en\u00a0pocos d\u00edas recibir\u00e1s la cinta de HIPERCOACH.<br \/>\n<span style=\"color: #ff0000;\"><strong>PASO 2<\/strong><\/span>.- Rellena el formulario con tus datos personales.<br \/>\n<span style=\"color: #ff0000;\"><strong>PASO 3<\/strong><\/span>.- Sube las fotos FaceBook, Twitter o Instagram y comp\u00e1rtelas con la Asociaci\u00f3n \u00a0Nacional de Hipertensi\u00f3n Pulmonar.<\/p>\n<h2>Campa\u00f1a \u201cConvi\u00e9rtete en Hipercoach\u201d.<\/h2>\n<p class=\"x_MsoListParagraph\">El reto es muy f\u00e1cil, se trata de subir una foto o v\u00eddeo a Facebook, Twitter o Instagram con la cinta deportiva y con los labios o una marca en la cara de color azul (caracter\u00edstica de las personas que padecen HP al no recibir suficiente oxigeno). Utiliza\u00a0 el hashtag #convierteteenhipercoach.<\/p>\n<p class=\"x_MsoListParagraph\">Participando en este proyect\u00f3 ayudar\u00e1s en la mejora de calidad de vida de las personas que padecen Hipertensi\u00f3n Pulmonar, una patolog\u00eda rara y sin cura.<\/p>\n<p class=\"x_MsoListParagraph\"><a href=\"https:\/\/hipertensionpulmonar.es\/coachinganhp\" class=\"su-button su-button-style-default\" style=\"color:#FFFFFF;background-color:#2D89EF;border-color:#246ec0;border-radius:5px\" target=\"_self\"><span style=\"color:#FFFFFF;padding:0px 16px;font-size:13px;line-height:26px;border-color:#6cadf4;border-radius:5px;text-shadow:none\"> 45<\/span><\/a>Hipercoach hasta la fecha, pero queremos llegar a 500.<\/p>\n<p class=\"x_MsoListParagraph\">Para cualquier duda o aclaraci\u00f3n puedes mandarnos un correo a coachinganhp@hipertensionpulmonar.es, o llamar por tel\u00e9fono a los n\u00fameros 685454349 o 685454351.<\/p>\n<p>Esta es una iniciativa <a href=\"http:\/\/www.hipertensionpulmonar.es\/\"><img loading=\"lazy\" decoding=\"async\" class=\"alignleft\" src=\"https:\/\/hipertensionpulmonar.es\/coachinganhp\/wp-content\/uploads\/2017\/03\/cropped-logo_reducido.png\" width=\"84\" height=\"82\" \/><\/a>de la <a href=\"http:\/\/hipertensionpulmonar.es\/\">Asociaci\u00f3n Nacional de Hipertensi\u00f3n Pulmonar\u00a0<\/a>.<br \/>\nEmail coachinganhp@hipertensionpulmonar.es,<br \/>\nTel\u00e9fonos: 685454349 o 685454351.<\/p>\n<p><a href=\"https:\/\/www.facebook.com\/alberto.cendrieto?fref=ts\"><img loading=\"lazy\" decoding=\"async\" class=\"wp-image-101 alignleft\" src=\"https:\/\/hipertensionpulmonar.es\/coachinganhp\/wp-content\/uploads\/2016\/12\/Alberto-241x300.jpg\" width=\"83\" height=\"103\" srcset=\"https:\/\/hipertensionpulmonar.es\/coachinganhp\/wp-content\/uploads\/2016\/12\/Alberto-241x300.jpg 241w, https:\/\/hipertensionpulmonar.es\/coachinganhp\/wp-content\/uploads\/2016\/12\/Alberto.jpg 449w\" sizes=\"auto, (max-width: 83px) 100vw, 83px\" \/><\/a>Basada en la idea de <a href=\"https:\/\/www.facebook.com\/alberto.cendrieto?fref=ts\">Alberto Cendrero Nieto<\/a>, al que agradecemos su inestimable\u00a0apoyo.<\/p>\n<p>Dise\u00f1o por Yeneba Ilustraci\u00f3n: <a href=\"https:\/\/www.facebook.com\/yenebailustracion\/\">https:\/\/www.facebook.com\/yenebailustracion\/<\/a><\/p>\n<p><img loading=\"lazy\" decoding=\"async\" class=\"alignnone wp-image-527 size-full\" src=\"https:\/\/hipertensionpulmonar.es\/coachinganhp\/wp-content\/uploads\/2017\/07\/Conviertete-en-hipercoach-Brais-1-150x110.png\" alt=\"\" width=\"150\" height=\"110\" \/><\/p>\n","protected":false},"excerpt":{"rendered":"<p>Por cada respiraci\u00f3n\u00a0 pon un coach en tu coraz\u00f3n\u00a0 Alberto cendrero nieto colabora \u00a0con la campa\u00f1a de hipercoach\u00a0 \u00a0Es muy sencillo, en solo tres pasos:\u00bfQuieres convertirte en Hipercoach y colaborar con las personas que padecen Hipertensi\u00f3n Pulmonar? \u00a1No lo dudes, pide tu cinta deportiva ya! Consigue tu cinta de Hipercoach\u00a0Via PAYPAL\u00a0o por\u00a0Transferencia bancaria PASO 1.- &hellip; <a href=\"https:\/\/hipertensionpulmonar.es\/coachinganhp\/\" class=\"more-link\">Sigue leyendo <span class=\"screen-reader-text\">Convi\u00e9rtete en Hipercoach<\/span><\/a><\/p>\n","protected":false},"author":2,"featured_media":0,"parent":0,"menu_order":0,"comment_status":"closed","ping_status":"closed","template":"","meta":{"jetpack_post_was_ever_published":false,"footnotes":""},"class_list":["post-406","page","type-page","status-publish","hentry"],"jetpack_sharing_enabled":true,"jetpack_shortlink":"https:\/\/wp.me\/P8w6yS-6y","_links":{"self":[{"href":"https:\/\/hipertensionpulmonar.es\/coachinganhp\/wp-json\/wp\/v2\/pages\/406","targetHints":{"allow":["GET"]}}],"collection":[{"href":"https:\/\/hipertensionpulmonar.es\/coachinganhp\/wp-json\/wp\/v2\/pages"}],"about":[{"href":"https:\/\/hipertensionpulmonar.es\/coachinganhp\/wp-json\/wp\/v2\/types\/page"}],"author":[{"embeddable":true,"href":"https:\/\/hipertensionpulmonar.es\/coachinganhp\/wp-json\/wp\/v2\/users\/2"}],"replies":[{"embeddable":true,"href":"https:\/\/hipertensionpulmonar.es\/coachinganhp\/wp-json\/wp\/v2\/comments?post=406"}],"version-history":[{"count":56,"href":"https:\/\/hipertensionpulmonar.es\/coachinganhp\/wp-json\/wp\/v2\/pages\/406\/revisions"}],"predecessor-version":[{"id":870,"href":"https:\/\/hipertensionpulmonar.es\/coachinganhp\/wp-json\/wp\/v2\/pages\/406\/revisions\/870"}],"wp:attachment":[{"href":"https:\/\/hipertensionpulmonar.es\/coachinganhp\/wp-json\/wp\/v2\/media?parent=406"}],"curies":[{"name":"wp","href":"https:\/\/api.w.org\/{rel}","templated":true}]}}