{"id":535,"date":"2017-07-10T18:41:04","date_gmt":"2017-07-10T18:41:04","guid":{"rendered":"http:\/\/hipertensionpulmonar.es\/coachinganhp\/?page_id=535"},"modified":"2017-07-17T16:15:41","modified_gmt":"2017-07-17T16:15:41","slug":"i-triatlon-solidario-siruela","status":"publish","type":"page","link":"https:\/\/hipertensionpulmonar.es\/coachinganhp\/i-triatlon-solidario-siruela\/","title":{"rendered":"I Triatl\u00f3n Solidario Siruela"},"content":{"rendered":"<p><img loading=\"lazy\" decoding=\"async\" class=\"alignnone wp-image-547\" src=\"https:\/\/hipertensionpulmonar.es\/coachinganhp\/wp-content\/uploads\/2017\/07\/Marcha-Familiar.jpg\" alt=\"\" width=\"607\" height=\"455\" srcset=\"https:\/\/hipertensionpulmonar.es\/coachinganhp\/wp-content\/uploads\/2017\/07\/Marcha-Familiar.jpg 1600w, https:\/\/hipertensionpulmonar.es\/coachinganhp\/wp-content\/uploads\/2017\/07\/Marcha-Familiar-300x225.jpg 300w, https:\/\/hipertensionpulmonar.es\/coachinganhp\/wp-content\/uploads\/2017\/07\/Marcha-Familiar-768x576.jpg 768w, https:\/\/hipertensionpulmonar.es\/coachinganhp\/wp-content\/uploads\/2017\/07\/Marcha-Familiar-1024x768.jpg 1024w\" sizes=\"auto, (max-width: 607px) 100vw, 607px\" \/> <img loading=\"lazy\" decoding=\"async\" class=\"alignnone wp-image-548\" src=\"https:\/\/hipertensionpulmonar.es\/coachinganhp\/wp-content\/uploads\/2017\/07\/El-Alcalde-con-la-Asociaci\u00f3n.jpg\" alt=\"\" width=\"566\" height=\"755\" srcset=\"https:\/\/hipertensionpulmonar.es\/coachinganhp\/wp-content\/uploads\/2017\/07\/El-Alcalde-con-la-Asociaci\u00f3n.jpg 1200w, https:\/\/hipertensionpulmonar.es\/coachinganhp\/wp-content\/uploads\/2017\/07\/El-Alcalde-con-la-Asociaci\u00f3n-225x300.jpg 225w, https:\/\/hipertensionpulmonar.es\/coachinganhp\/wp-content\/uploads\/2017\/07\/El-Alcalde-con-la-Asociaci\u00f3n-768x1024.jpg 768w\" sizes=\"auto, (max-width: 566px) 100vw, 566px\" \/><\/p>\n<p>Alberto Cendrero Nieto organiz\u00f3 el evento \u00abI Triatl\u00f3n Solidario Siruela\u00bb, en la localidad Siruela de la provincia de Badajoz, que se\u00a0celebr\u00f3 el\u00a0s\u00e1bado d\u00eda 15\u00a0de junio de 2017, colaborando con la campa\u00f1a \u00ab<a title=\"Convi\u00e9rtete en Hipercoach\" href=\"http:\/\/hipercoach.hipertensionpulmonar.es\/\">Convi\u00e9rtete en Hipercoach<\/a>\u00bb de la <a href=\"http:\/\/www.hipertensionpulmonar.es\">Asociaci\u00f3n Nacional de Hipertensi\u00f3n Pulmonar<\/a>.<\/p>\n<h4>\u00danete al reto &#8211;\u00a0<a title=\"Alberto Cendrero Nieto\" href=\"https:\/\/www.facebook.com\/alberto.cendrieto\">con Alberto Cendrero Nieto<\/a>.<\/h4>\n<p>La Asociaci\u00f3n Nacional \u00a0de Hipertensi\u00f3n Pulmonar \u00a0agradece a\u00a0<a title=\"Alberto Cendrero Nieto\" href=\"https:\/\/www.facebook.com\/alberto.cendrieto\">Alberto Cendrero Nieto<\/a>\u00a0y al\u00a0<a title=\"Ayuntamiento de Siruela\" href=\"http:\/\/www.siruela.es\/\">Ayuntamiento de Siruela<\/a>\u00a0por la\u00a0organizaci\u00f3n \u00a0de este evento.<\/p>\n<p><img loading=\"lazy\" decoding=\"async\" class=\"alignnone size-full wp-image-537\" src=\"https:\/\/hipertensionpulmonar.es\/coachinganhp\/wp-content\/uploads\/2017\/07\/Unete-al-reto-Javier-Cendrero-Nieto.jpg\" alt=\"\" width=\"679\" height=\"960\" srcset=\"https:\/\/hipertensionpulmonar.es\/coachinganhp\/wp-content\/uploads\/2017\/07\/Unete-al-reto-Javier-Cendrero-Nieto.jpg 679w, https:\/\/hipertensionpulmonar.es\/coachinganhp\/wp-content\/uploads\/2017\/07\/Unete-al-reto-Javier-Cendrero-Nieto-212x300.jpg 212w\" sizes=\"auto, (max-width: 679px) 100vw, 679px\" \/><\/p>\n<p>Con motivo de la celebraci\u00f3n del I Triatlon Solidario \u00bb Convi\u00e9rtete en Hipercoach\u00bb en Siruela ( Badajoz) la radio local, radio Siberia entrevist\u00f3 el pasado jueves 13 de julio a Alberto Cendrero, deportista aficionado que intentar\u00e1 mejorar su marca a favor de las personas con Hipertensi\u00f3n Pulmonar.\u00a0<a title=\"Entrevista a Alberto Cendrero en Radio Siberia\" href=\"https:\/\/drive.google.com\/file\/d\/0B4jdnS1xQNEzSE00aEtyRFpPN0E\/view?usp=sharing\">Pulsa aqu\u00ed para escuchar la entrevista<\/a>.<\/p>\n<p><img loading=\"lazy\" decoding=\"async\" class=\"alignnone wp-image-545\" src=\"https:\/\/hipertensionpulmonar.es\/coachinganhp\/wp-content\/uploads\/2017\/07\/Radio-Siberia.jpg\" alt=\"\" width=\"106\" height=\"188\" srcset=\"https:\/\/hipertensionpulmonar.es\/coachinganhp\/wp-content\/uploads\/2017\/07\/Radio-Siberia.jpg 900w, https:\/\/hipertensionpulmonar.es\/coachinganhp\/wp-content\/uploads\/2017\/07\/Radio-Siberia-169x300.jpg 169w, https:\/\/hipertensionpulmonar.es\/coachinganhp\/wp-content\/uploads\/2017\/07\/Radio-Siberia-768x1365.jpg 768w, https:\/\/hipertensionpulmonar.es\/coachinganhp\/wp-content\/uploads\/2017\/07\/Radio-Siberia-576x1024.jpg 576w\" sizes=\"auto, (max-width: 106px) 100vw, 106px\" \/><img loading=\"lazy\" decoding=\"async\" class=\"alignnone size-full wp-image-549\" src=\"https:\/\/hipertensionpulmonar.es\/coachinganhp\/wp-content\/uploads\/2017\/07\/Castillo-Hinchable.jpg\" alt=\"\" width=\"2048\" height=\"1152\" srcset=\"https:\/\/hipertensionpulmonar.es\/coachinganhp\/wp-content\/uploads\/2017\/07\/Castillo-Hinchable.jpg 2048w, https:\/\/hipertensionpulmonar.es\/coachinganhp\/wp-content\/uploads\/2017\/07\/Castillo-Hinchable-300x169.jpg 300w, https:\/\/hipertensionpulmonar.es\/coachinganhp\/wp-content\/uploads\/2017\/07\/Castillo-Hinchable-768x432.jpg 768w, https:\/\/hipertensionpulmonar.es\/coachinganhp\/wp-content\/uploads\/2017\/07\/Castillo-Hinchable-1024x576.jpg 1024w\" sizes=\"auto, (max-width: 2048px) 100vw, 2048px\" \/><\/p>\n<p><a href=\"https:\/\/youtu.be\/nBD4kbyMA4E\">Siruela, un pueblo tan peque\u00f1o y tan grande a la vez<\/a>.<\/p>\n<p>&nbsp;<\/p>\n","protected":false},"excerpt":{"rendered":"<p>Alberto Cendrero Nieto organiz\u00f3 el evento \u00abI Triatl\u00f3n Solidario Siruela\u00bb, en la localidad Siruela de la provincia de Badajoz, que se\u00a0celebr\u00f3 el\u00a0s\u00e1bado d\u00eda 15\u00a0de junio de 2017, colaborando con la campa\u00f1a \u00abConvi\u00e9rtete en Hipercoach\u00bb de la Asociaci\u00f3n Nacional de Hipertensi\u00f3n Pulmonar. \u00danete al reto &#8211;\u00a0con Alberto Cendrero Nieto. La Asociaci\u00f3n Nacional \u00a0de Hipertensi\u00f3n Pulmonar \u00a0agradece &hellip; <a href=\"https:\/\/hipertensionpulmonar.es\/coachinganhp\/i-triatlon-solidario-siruela\/\" class=\"more-link\">Sigue leyendo <span class=\"screen-reader-text\">I Triatl\u00f3n Solidario Siruela<\/span><\/a><\/p>\n","protected":false},"author":2,"featured_media":0,"parent":0,"menu_order":0,"comment_status":"closed","ping_status":"closed","template":"","meta":{"jetpack_post_was_ever_published":false,"footnotes":""},"class_list":["post-535","page","type-page","status-publish","hentry"],"jetpack_sharing_enabled":true,"jetpack_shortlink":"https:\/\/wp.me\/P8w6yS-8D","_links":{"self":[{"href":"https:\/\/hipertensionpulmonar.es\/coachinganhp\/wp-json\/wp\/v2\/pages\/535","targetHints":{"allow":["GET"]}}],"collection":[{"href":"https:\/\/hipertensionpulmonar.es\/coachinganhp\/wp-json\/wp\/v2\/pages"}],"about":[{"href":"https:\/\/hipertensionpulmonar.es\/coachinganhp\/wp-json\/wp\/v2\/types\/page"}],"author":[{"embeddable":true,"href":"https:\/\/hipertensionpulmonar.es\/coachinganhp\/wp-json\/wp\/v2\/users\/2"}],"replies":[{"embeddable":true,"href":"https:\/\/hipertensionpulmonar.es\/coachinganhp\/wp-json\/wp\/v2\/comments?post=535"}],"version-history":[{"count":11,"href":"https:\/\/hipertensionpulmonar.es\/coachinganhp\/wp-json\/wp\/v2\/pages\/535\/revisions"}],"predecessor-version":[{"id":567,"href":"https:\/\/hipertensionpulmonar.es\/coachinganhp\/wp-json\/wp\/v2\/pages\/535\/revisions\/567"}],"wp:attachment":[{"href":"https:\/\/hipertensionpulmonar.es\/coachinganhp\/wp-json\/wp\/v2\/media?parent=535"}],"curies":[{"name":"wp","href":"https:\/\/api.w.org\/{rel}","templated":true}]}}